{"id":16,"date":"2026-03-24T22:52:26","date_gmt":"2026-03-24T22:52:26","guid":{"rendered":"https:\/\/newcode.tech\/alv\/?page_id=16"},"modified":"2026-04-03T16:25:29","modified_gmt":"2026-04-03T16:25:29","slug":"conocenos","status":"publish","type":"page","link":"https:\/\/newcode.tech\/alv\/conocenos\/","title":{"rendered":"Con\u00f3cenos"},"content":{"rendered":"\t\t<div data-elementor-type=\"wp-page\" data-elementor-id=\"16\" class=\"elementor elementor-16\" data-elementor-post-type=\"page\">\n\t\t\t\t<div class=\"elementor-element elementor-element-5a8798c e-flex e-con-boxed e-con e-parent\" data-id=\"5a8798c\" data-element_type=\"container\" data-e-type=\"container\" data-settings=\"{&quot;background_background&quot;:&quot;classic&quot;}\">\n\t\t\t\t\t<div class=\"e-con-inner\">\n\t\t\t\t<div class=\"elementor-element elementor-element-d267655 elementor-widget__width-initial elementor-widget elementor-widget-heading\" data-id=\"d267655\" data-element_type=\"widget\" data-e-type=\"widget\" data-widget_type=\"heading.default\">\n\t\t\t\t\t<h1 class=\"elementor-heading-title elementor-size-default\">Con\u00f3cenos<\/h1>\t\t\t\t<\/div>\n\t\t\t\t<div class=\"elementor-element elementor-element-cb37e62 elementor-widget elementor-widget-heading\" data-id=\"cb37e62\" data-element_type=\"widget\" data-e-type=\"widget\" data-widget_type=\"heading.default\">\n\t\t\t\t\t<h2 class=\"elementor-heading-title elementor-size-default\">Qui\u00e9n hay detr\u00e1s<\/h2>\t\t\t\t<\/div>\n\t\t\t\t<div class=\"elementor-element elementor-element-19183dc elementor-widget elementor-widget-button\" data-id=\"19183dc\" data-element_type=\"widget\" data-e-type=\"widget\" data-widget_type=\"button.default\">\n\t\t\t\t\t\t\t\t\t\t<a class=\"elementor-button elementor-button-link elementor-size-sm\" href=\"https:\/\/newcode.tech\/alv\/contacto\/\">\n\t\t\t\t\t\t<span class=\"elementor-button-content-wrapper\">\n\t\t\t\t\t\t\t\t\t<span class=\"elementor-button-text\">Contacta con nosotros<\/span>\n\t\t\t\t\t<\/span>\n\t\t\t\t\t<\/a>\n\t\t\t\t\t\t\t\t<\/div>\n\t\t\t\t\t<\/div>\n\t\t\t\t<\/div>\n\t\t<div class=\"elementor-element elementor-element-ad873de e-flex e-con-boxed e-con e-parent\" data-id=\"ad873de\" data-element_type=\"container\" data-e-type=\"container\">\n\t\t\t\t\t<div class=\"e-con-inner\">\n\t\t<div class=\"elementor-element elementor-element-b9d3827 e-con-full e-flex e-con e-child\" data-id=\"b9d3827\" data-element_type=\"container\" data-e-type=\"container\">\n\t\t\t\t<div class=\"elementor-element elementor-element-bb0a3dd elementor-widget elementor-widget-image\" data-id=\"bb0a3dd\" data-element_type=\"widget\" data-e-type=\"widget\" data-widget_type=\"image.default\">\n\t\t\t\t\t\t\t\t\t\t\t\t\t\t\t<img fetchpriority=\"high\" decoding=\"async\" width=\"334\" height=\"730\" src=\"https:\/\/newcode.tech\/alv\/wp-content\/uploads\/2026\/03\/alvaro-narvaez.webp\" class=\"attachment-full size-full wp-image-166\" alt=\"\" srcset=\"https:\/\/newcode.tech\/alv\/wp-content\/uploads\/2026\/03\/alvaro-narvaez.webp 334w, https:\/\/newcode.tech\/alv\/wp-content\/uploads\/2026\/03\/alvaro-narvaez-137x300.webp 137w\" sizes=\"(max-width: 334px) 100vw, 334px\" \/>\t\t\t\t\t\t\t\t\t\t\t\t\t\t\t<\/div>\n\t\t<div class=\"elementor-element elementor-element-7cc7592 e-con-full e-flex e-con e-child\" data-id=\"7cc7592\" data-element_type=\"container\" data-e-type=\"container\">\n\t\t\t\t<div class=\"elementor-element elementor-element-fa87b4e elementor-widget elementor-widget-heading\" data-id=\"fa87b4e\" data-element_type=\"widget\" data-e-type=\"widget\" data-widget_type=\"heading.default\">\n\t\t\t\t\t<h2 class=\"elementor-heading-title elementor-size-default\">\u00c1lvaro Narv\u00e1ez<\/h2>\t\t\t\t<\/div>\n\t\t\t\t<div class=\"elementor-element elementor-element-632ffa3 elementor-widget elementor-widget-text-editor\" data-id=\"632ffa3\" data-element_type=\"widget\" data-e-type=\"widget\" data-widget_type=\"text-editor.default\">\n\t\t\t\t\t\t\t\t\t<p>Hola, soy \u00c1lvaro, veterinario y fundador de After Life Vets.<\/p><p>A lo largo de mi carrera he tenido claro que las despedidas merecen ser tan cuidadas como las bienvenidas. Tras a\u00f1os trabajando en Espa\u00f1a, Francia e Inglaterra, decid\u00ed crear After Life Vets con una misi\u00f3n muy simple:<\/p><p><strong>ayudar a las familias a decir adi\u00f3s a sus compa\u00f1eros animales en casa, con la calma, el respeto y la intimidad que este momento merece.<\/strong><\/p><p>Actualmente, atiendo personalmente en Catalu\u00f1a, sobre todo en las provincias de Barcelona y Girona.<\/p><p>Aunque no siempre pueda estar en todas las provincias, cuento con veterinarios de confianza que siguen el mismo enfoque y valores que inspiran este proyecto.\u00a0<strong>Cada familia recibe un acompa\u00f1amiento cercano, supervisado directamente por m\u00ed, para garantizar que todo se desarrolle de forma serena y respetuosa.<\/strong><\/p><p>En mi tiempo libre disfruto de largas caminatas por la naturaleza junto a mis perros, donde sigo aprendiendo cada d\u00eda de su manera sencilla y honesta de estar en el mundo.<\/p><p><strong>After Life Vets no es solo un servicio, es una manera de cuidar, de acompa\u00f1ar, y de estar presentes cuando m\u00e1s se necesita.<\/strong><\/p>\t\t\t\t\t\t\t\t<\/div>\n\t\t\t\t<\/div>\n\t\t\t\t<\/div>\n\t\t\t\t\t<\/div>\n\t\t\t\t<\/div>\n\t\t<div class=\"elementor-element elementor-element-99808c7 e-flex e-con-boxed e-con e-parent\" data-id=\"99808c7\" data-element_type=\"container\" data-e-type=\"container\" data-settings=\"{&quot;background_background&quot;:&quot;classic&quot;}\">\n\t\t\t\t\t<div class=\"e-con-inner\">\n\t\t\t\t<div class=\"elementor-element elementor-element-bcaff2e elementor-widget__width-initial elementor-widget elementor-widget-heading\" data-id=\"bcaff2e\" data-element_type=\"widget\" data-e-type=\"widget\" data-widget_type=\"heading.default\">\n\t\t\t\t\t<h2 class=\"elementor-heading-title elementor-size-default\">Aparecemos en los medios \nde comunicaci\u00f3n<\/h2>\t\t\t\t<\/div>\n\t\t<div class=\"elementor-element elementor-element-90ef7ac e-grid e-con-full e-con e-child\" data-id=\"90ef7ac\" data-element_type=\"container\" data-e-type=\"container\">\n\t\t\t\t<div class=\"elementor-element elementor-element-03e664e elementor-cta--layout-image-above elementor-cta--skin-classic elementor-animated-content elementor-bg-transform elementor-bg-transform-zoom-in elementor-widget elementor-widget-call-to-action\" data-id=\"03e664e\" data-element_type=\"widget\" data-e-type=\"widget\" data-widget_type=\"call-to-action.default\">\n\t\t\t\t\t\t\t<div class=\"elementor-cta\">\n\t\t\t\t\t\t\t<div class=\"elementor-cta__content\">\n\t\t\t\t\n\t\t\t\t\t\t\t\t\t<h3 class=\"elementor-cta__title elementor-cta__content-item elementor-content-item\">\n\t\t\t\t\t\tEmpresas - La Vanguardia\t\t\t\t\t<\/h3>\n\t\t\t\t\n\t\t\t\t\t\t\t\t\t<div class=\"elementor-cta__description elementor-cta__content-item elementor-content-item\">\n\t\t\t\t\t\tUn final digno y acompa\u00f1ado de la familia en el domicilio es posible para tu mascota\t\t\t\t\t<\/div>\n\t\t\t\t\n\t\t\t\t\t\t\t\t\t<div class=\"elementor-cta__button-wrapper elementor-cta__content-item elementor-content-item \">\n\t\t\t\t\t<a class=\"elementor-cta__button elementor-button elementor-size-\" href=\"https:\/\/www.lavanguardia.com\/empresas-de-vanguardia\/historias-de-exito\/20251107\/11085854\/final-digno-casa-empresa-acompana-familias-despedida-mascotas.html\" target=\"_blank\">\n\t\t\t\t\t\tLeer art\u00edculo\t\t\t\t\t<\/a>\n\t\t\t\t\t<\/div>\n\t\t\t\t\t\t\t<\/div>\n\t\t\t\t\t\t<\/div>\n\t\t\t\t\t\t<\/div>\n\t\t\t\t<div class=\"elementor-element elementor-element-ef46249 elementor-cta--layout-image-above elementor-cta--skin-classic elementor-animated-content elementor-bg-transform elementor-bg-transform-zoom-in elementor-widget elementor-widget-call-to-action\" data-id=\"ef46249\" data-element_type=\"widget\" data-e-type=\"widget\" data-widget_type=\"call-to-action.default\">\n\t\t\t\t\t\t\t<div class=\"elementor-cta\">\n\t\t\t\t\t\t\t<div class=\"elementor-cta__content\">\n\t\t\t\t\n\t\t\t\t\t\t\t\t\t<h3 class=\"elementor-cta__title elementor-cta__content-item elementor-content-item\">\n\t\t\t\t\t\tLa Opini\u00f3n de M\u00e1laga\t\t\t\t\t<\/h3>\n\t\t\t\t\n\t\t\t\t\t\t\t\t\t<div class=\"elementor-cta__description elementor-cta__content-item elementor-content-item\">\n\t\t\t\t\t\tDespedir a tu mascota en casa es posible con la eutanasia a domicilio\t\t\t\t\t<\/div>\n\t\t\t\t\n\t\t\t\t\t\t\t\t\t<div class=\"elementor-cta__button-wrapper elementor-cta__content-item elementor-content-item \">\n\t\t\t\t\t<a class=\"elementor-cta__button elementor-button elementor-size-\" href=\"https:\/\/www.laopiniondemalaga.es\/malaga\/2025\/12\/18\/despedir-casa-mascota-nueva-nace-alternativa-malaga-124917552.html\" target=\"_blank\">\n\t\t\t\t\t\tLeer art\u00edculo\t\t\t\t\t<\/a>\n\t\t\t\t\t<\/div>\n\t\t\t\t\t\t\t<\/div>\n\t\t\t\t\t\t<\/div>\n\t\t\t\t\t\t<\/div>\n\t\t\t\t<div class=\"elementor-element elementor-element-8422abd elementor-cta--layout-image-above elementor-cta--skin-classic elementor-animated-content elementor-bg-transform elementor-bg-transform-zoom-in elementor-widget elementor-widget-call-to-action\" data-id=\"8422abd\" data-element_type=\"widget\" data-e-type=\"widget\" data-widget_type=\"call-to-action.default\">\n\t\t\t\t\t\t\t<div class=\"elementor-cta\">\n\t\t\t\t\t\t\t<div class=\"elementor-cta__content\">\n\t\t\t\t\n\t\t\t\t\t\t\t\t\t<h3 class=\"elementor-cta__title elementor-cta__content-item elementor-content-item\">\n\t\t\t\t\t\tPeludos - La Vanguardia\t\t\t\t\t<\/h3>\n\t\t\t\t\n\t\t\t\t\t\t\t\t\t<div class=\"elementor-cta__description elementor-cta__content-item elementor-content-item\">\n\t\t\t\t\t\tDeambular por la noche o quedarse mirando a la nada puede indicar demencia en perros\t\t\t\t\t<\/div>\n\t\t\t\t\n\t\t\t\t\t\t\t\t\t<div class=\"elementor-cta__button-wrapper elementor-cta__content-item elementor-content-item \">\n\t\t\t\t\t<a class=\"elementor-cta__button elementor-button elementor-size-\" href=\"https:\/\/www.lavanguardia.com\/mascotas\/cuidados\/20250722\/10909453\/alvaro-narvaez-veterinario-deambular-noche-quedarse-mirando-nada-puede-indicar-demencia-perros-veces-dejan-tratar-existen-tratamientos-mejorar-calidad-vida.html\" target=\"_blank\">\n\t\t\t\t\t\tLeer art\u00edculo\t\t\t\t\t<\/a>\n\t\t\t\t\t<\/div>\n\t\t\t\t\t\t\t<\/div>\n\t\t\t\t\t\t<\/div>\n\t\t\t\t\t\t<\/div>\n\t\t\t\t<div class=\"elementor-element elementor-element-d45bb0f elementor-cta--layout-image-above elementor-cta--skin-classic elementor-animated-content elementor-bg-transform elementor-bg-transform-zoom-in elementor-widget elementor-widget-call-to-action\" data-id=\"d45bb0f\" data-element_type=\"widget\" data-e-type=\"widget\" data-widget_type=\"call-to-action.default\">\n\t\t\t\t\t\t\t<div class=\"elementor-cta\">\n\t\t\t\t\t\t\t<div class=\"elementor-cta__content\">\n\t\t\t\t\n\t\t\t\t\t\t\t\t\t<h3 class=\"elementor-cta__title elementor-cta__content-item elementor-content-item\">\n\t\t\t\t\t\tPeludos - La Vanguardia\t\t\t\t\t<\/h3>\n\t\t\t\t\n\t\t\t\t\t\t\t\t\t<div class=\"elementor-cta__description elementor-cta__content-item elementor-content-item\">\n\t\t\t\t\t\t\u00bfC\u00f3mo puedo explicar a mis hijos peque\u00f1os la muerte de nuestro perro o gato?\t\t\t\t\t<\/div>\n\t\t\t\t\n\t\t\t\t\t\t\t\t\t<div class=\"elementor-cta__button-wrapper elementor-cta__content-item elementor-content-item \">\n\t\t\t\t\t<a class=\"elementor-cta__button elementor-button elementor-size-\" href=\"https:\/\/www.lavanguardia.com\/mascotas\/cuidados\/20251228\/11363986\/como-explicar-mis-hijos-pequenos-muerte-nuestro-perro-gato-sientan-mascota-abandono.html\" target=\"_blank\">\n\t\t\t\t\t\tLeer art\u00edculo\t\t\t\t\t<\/a>\n\t\t\t\t\t<\/div>\n\t\t\t\t\t\t\t<\/div>\n\t\t\t\t\t\t<\/div>\n\t\t\t\t\t\t<\/div>\n\t\t\t\t<div class=\"elementor-element elementor-element-41506f9 elementor-cta--layout-image-above elementor-cta--skin-classic elementor-animated-content elementor-bg-transform elementor-bg-transform-zoom-in elementor-widget elementor-widget-call-to-action\" data-id=\"41506f9\" data-element_type=\"widget\" data-e-type=\"widget\" data-widget_type=\"call-to-action.default\">\n\t\t\t\t\t\t\t<div class=\"elementor-cta\">\n\t\t\t\t\t\t\t<div class=\"elementor-cta__content\">\n\t\t\t\t\n\t\t\t\t\t\t\t\t\t<h3 class=\"elementor-cta__title elementor-cta__content-item elementor-content-item\">\n\t\t\t\t\t\tEntrevista - Cope M\u00e1laga\t\t\t\t\t<\/h3>\n\t\t\t\t\n\t\t\t\t\t\t\t\t\t<div class=\"elementor-cta__description elementor-cta__content-item elementor-content-item\">\n\t\t\t\t\t\tPreguntas sobre el servicio de Eutanasia de mascotas a domicilio a \u00c1lvaro Narv\u00e1ez.\t\t\t\t\t<\/div>\n\t\t\t\t\n\t\t\t\t\t\t\t\t\t<div class=\"elementor-cta__button-wrapper elementor-cta__content-item elementor-content-item \">\n\t\t\t\t\t<a class=\"elementor-cta__button elementor-button elementor-size-\" href=\"https:\/\/afterlifevets.es\/wp-content\/uploads\/2026\/01\/Veterinarios-221123.mp3\" target=\"_blank\">\n\t\t\t\t\t\tLeer art\u00edculo\t\t\t\t\t<\/a>\n\t\t\t\t\t<\/div>\n\t\t\t\t\t\t\t<\/div>\n\t\t\t\t\t\t<\/div>\n\t\t\t\t\t\t<\/div>\n\t\t\t\t<div class=\"elementor-element elementor-element-ad19114 elementor-cta--layout-image-above elementor-cta--skin-classic elementor-animated-content elementor-bg-transform elementor-bg-transform-zoom-in elementor-widget elementor-widget-call-to-action\" data-id=\"ad19114\" data-element_type=\"widget\" data-e-type=\"widget\" data-widget_type=\"call-to-action.default\">\n\t\t\t\t\t\t\t<div class=\"elementor-cta\">\n\t\t\t\t\t\t\t<div class=\"elementor-cta__content\">\n\t\t\t\t\n\t\t\t\t\t\t\t\t\t<h3 class=\"elementor-cta__title elementor-cta__content-item elementor-content-item\">\n\t\t\t\t\t\tLa Revista - Colegio Veterinarios de M\u00e1laga\t\t\t\t\t<\/h3>\n\t\t\t\t\n\t\t\t\t\t\t\t\t\t<div class=\"elementor-cta__description elementor-cta__content-item elementor-content-item\">\n\t\t\t\t\t\tLa eutanasia es una realidad en la profesi\u00f3n veterinaria dif\u00edcil de abordar.\t\t\t\t\t<\/div>\n\t\t\t\t\n\t\t\t\t\t\t\t\t\t<div class=\"elementor-cta__button-wrapper elementor-cta__content-item elementor-content-item \">\n\t\t\t\t\t<a class=\"elementor-cta__button elementor-button elementor-size-\" href=\"https:\/\/afterlifevets.es\/wp-content\/uploads\/2026\/01\/REVISTA-5_96def.pdf\" target=\"_blank\">\n\t\t\t\t\t\tLeer art\u00edculo\t\t\t\t\t<\/a>\n\t\t\t\t\t<\/div>\n\t\t\t\t\t\t\t<\/div>\n\t\t\t\t\t\t<\/div>\n\t\t\t\t\t\t<\/div>\n\t\t\t\t<\/div>\n\t\t\t\t\t<\/div>\n\t\t\t\t<\/div>\n\t\t\t\t<\/div>\n\t\t","protected":false},"excerpt":{"rendered":"<p>Con\u00f3cenos Qui\u00e9n hay detr\u00e1s Contacta con nosotros \u00c1lvaro Narv\u00e1ez Hola, soy \u00c1lvaro, veterinario y fundador de After Life Vets. A lo largo de mi carrera he tenido claro que las despedidas merecen ser tan cuidadas como las bienvenidas. Tras a\u00f1os trabajando en Espa\u00f1a, Francia e Inglaterra, decid\u00ed crear After Life Vets con una misi\u00f3n muy [&hellip;]<\/p>\n","protected":false},"author":1,"featured_media":0,"parent":0,"menu_order":0,"comment_status":"closed","ping_status":"closed","template":"elementor_header_footer","meta":{"footnotes":""},"class_list":["post-16","page","type-page","status-publish","hentry"],"_links":{"self":[{"href":"https:\/\/newcode.tech\/alv\/wp-json\/wp\/v2\/pages\/16","targetHints":{"allow":["GET"]}}],"collection":[{"href":"https:\/\/newcode.tech\/alv\/wp-json\/wp\/v2\/pages"}],"about":[{"href":"https:\/\/newcode.tech\/alv\/wp-json\/wp\/v2\/types\/page"}],"author":[{"embeddable":true,"href":"https:\/\/newcode.tech\/alv\/wp-json\/wp\/v2\/users\/1"}],"replies":[{"embeddable":true,"href":"https:\/\/newcode.tech\/alv\/wp-json\/wp\/v2\/comments?post=16"}],"version-history":[{"count":61,"href":"https:\/\/newcode.tech\/alv\/wp-json\/wp\/v2\/pages\/16\/revisions"}],"predecessor-version":[{"id":9237,"href":"https:\/\/newcode.tech\/alv\/wp-json\/wp\/v2\/pages\/16\/revisions\/9237"}],"wp:attachment":[{"href":"https:\/\/newcode.tech\/alv\/wp-json\/wp\/v2\/media?parent=16"}],"curies":[{"name":"wp","href":"https:\/\/api.w.org\/{rel}","templated":true}]}}