{"id":24,"date":"2026-03-24T22:54:20","date_gmt":"2026-03-24T22:54:20","guid":{"rendered":"https:\/\/newcode.tech\/alv\/?page_id=24"},"modified":"2026-04-03T16:15:12","modified_gmt":"2026-04-03T16:15:12","slug":"guias-y-consultas","status":"publish","type":"page","link":"https:\/\/newcode.tech\/alv\/servicios\/guias-y-consultas\/","title":{"rendered":"Gu\u00edas y consultas"},"content":{"rendered":"\t\t<div data-elementor-type=\"wp-page\" data-elementor-id=\"24\" class=\"elementor elementor-24\" data-elementor-post-type=\"page\">\n\t\t\t\t<div class=\"elementor-element elementor-element-a0ca388 e-flex e-con-boxed e-con e-parent\" data-id=\"a0ca388\" data-element_type=\"container\" data-e-type=\"container\" data-settings=\"{&quot;background_background&quot;:&quot;classic&quot;}\">\n\t\t\t\t\t<div class=\"e-con-inner\">\n\t\t\t\t<div class=\"elementor-element elementor-element-556d0e3 elementor-widget elementor-widget-heading\" data-id=\"556d0e3\" data-element_type=\"widget\" data-e-type=\"widget\" data-widget_type=\"heading.default\">\n\t\t\t\t\t<h1 class=\"elementor-heading-title elementor-size-default\">Gu\u00edas y consultas sobre la eutanasia a <br>domicilio para perros o gatos<\/h1>\t\t\t\t<\/div>\n\t\t\t\t<div class=\"elementor-element elementor-element-1091c14 elementor-widget__width-initial elementor-widget elementor-widget-text-editor\" data-id=\"1091c14\" data-element_type=\"widget\" data-e-type=\"widget\" data-widget_type=\"text-editor.default\">\n\t\t\t\t\t\t\t\t\t<p>Ofrecemos consultas de valoraci\u00f3n de calidad de vida, apoyo en toma de decisi\u00f3n de eutanasia y cuidados paliativos.<\/p>\t\t\t\t\t\t\t\t<\/div>\n\t\t\t\t<div class=\"elementor-element elementor-element-57106ed elementor-align-center elementor-widget elementor-widget-button\" data-id=\"57106ed\" data-element_type=\"widget\" data-e-type=\"widget\" data-widget_type=\"button.default\">\n\t\t\t\t\t\t\t\t\t\t<a class=\"elementor-button elementor-button-link elementor-size-sm\" href=\"https:\/\/newcode.tech\/alv\/contacto\/\">\n\t\t\t\t\t\t<span class=\"elementor-button-content-wrapper\">\n\t\t\t\t\t\t\t\t\t<span class=\"elementor-button-text\">Te asesoramos<\/span>\n\t\t\t\t\t<\/span>\n\t\t\t\t\t<\/a>\n\t\t\t\t\t\t\t\t<\/div>\n\t\t\t\t\t<\/div>\n\t\t\t\t<\/div>\n\t\t<div class=\"elementor-element elementor-element-1ffefae e-flex e-con-boxed e-con e-parent\" data-id=\"1ffefae\" data-element_type=\"container\" data-e-type=\"container\" data-settings=\"{&quot;background_background&quot;:&quot;classic&quot;}\">\n\t\t\t\t\t<div class=\"e-con-inner\">\n\t\t<div class=\"elementor-element elementor-element-34693d1 e-grid e-con-boxed e-con e-child\" data-id=\"34693d1\" data-element_type=\"container\" data-e-type=\"container\">\n\t\t\t\t\t<div class=\"e-con-inner\">\n\t\t<div class=\"elementor-element elementor-element-3b54e29 e-con-full e-flex e-con e-child\" data-id=\"3b54e29\" data-element_type=\"container\" data-e-type=\"container\">\n\t\t\t\t<div class=\"elementor-element elementor-element-c40cd07 elementor-widget elementor-widget-image\" data-id=\"c40cd07\" data-element_type=\"widget\" data-e-type=\"widget\" data-widget_type=\"image.default\">\n\t\t\t\t\t\t\t\t\t\t\t\t\t\t\t<img fetchpriority=\"high\" decoding=\"async\" width=\"613\" height=\"219\" src=\"https:\/\/newcode.tech\/alv\/wp-content\/uploads\/2026\/03\/asesoria-telefonica-copia.webp\" class=\"attachment-large size-large wp-image-8869\" alt=\"\" srcset=\"https:\/\/newcode.tech\/alv\/wp-content\/uploads\/2026\/03\/asesoria-telefonica-copia.webp 613w, https:\/\/newcode.tech\/alv\/wp-content\/uploads\/2026\/03\/asesoria-telefonica-copia-300x107.webp 300w\" sizes=\"(max-width: 613px) 100vw, 613px\" \/>\t\t\t\t\t\t\t\t\t\t\t\t\t\t\t<\/div>\n\t\t<div class=\"elementor-element elementor-element-5185094 e-con-full e-flex e-con e-child\" data-id=\"5185094\" data-element_type=\"container\" data-e-type=\"container\">\n\t\t\t\t<div class=\"elementor-element elementor-element-9717bf7 elementor-widget elementor-widget-heading\" data-id=\"9717bf7\" data-element_type=\"widget\" data-e-type=\"widget\" data-widget_type=\"heading.default\">\n\t\t\t\t\t<h2 class=\"elementor-heading-title elementor-size-default\">Asesor\u00eda Telef\u00f3nica<\/h2>\t\t\t\t<\/div>\n\t\t\t\t<div class=\"elementor-element elementor-element-b21a8fe elementor-widget elementor-widget-text-editor\" data-id=\"b21a8fe\" data-element_type=\"widget\" data-e-type=\"widget\" data-widget_type=\"text-editor.default\">\n\t\t\t\t\t\t\t\t\t<p>Mediante una llamada telef\u00f3nica valoramos el caso de tu compa\u00f1ero y te ayudamos en la toma de decisi\u00f3n de eutanasia veterinaria.<\/p>\t\t\t\t\t\t\t\t<\/div>\n\t\t\t\t<div class=\"elementor-element elementor-element-e56ca83 elementor-widget elementor-widget-button\" data-id=\"e56ca83\" data-element_type=\"widget\" data-e-type=\"widget\" data-widget_type=\"button.default\">\n\t\t\t\t\t\t\t\t\t\t<a class=\"elementor-button elementor-button-link elementor-size-sm\" href=\"https:\/\/newcode.tech\/alv\/contacto\/\">\n\t\t\t\t\t\t<span class=\"elementor-button-content-wrapper\">\n\t\t\t\t\t\t\t\t\t<span class=\"elementor-button-text\">Reservar ahora<\/span>\n\t\t\t\t\t<\/span>\n\t\t\t\t\t<\/a>\n\t\t\t\t\t\t\t\t<\/div>\n\t\t\t\t<div class=\"elementor-element elementor-element-f4a3a46 elementor-widget elementor-widget-heading\" data-id=\"f4a3a46\" data-element_type=\"widget\" data-e-type=\"widget\" data-widget_type=\"heading.default\">\n\t\t\t\t\t<div class=\"elementor-heading-title elementor-size-default\"><a href=\"https:\/\/newcode.tech\/alv\/contacto\/\">Saber m\u00e1s<\/a><\/div>\t\t\t\t<\/div>\n\t\t\t\t<\/div>\n\t\t\t\t<\/div>\n\t\t<div class=\"elementor-element elementor-element-94c7307 e-con-full e-flex e-con e-child\" data-id=\"94c7307\" data-element_type=\"container\" data-e-type=\"container\">\n\t\t\t\t<div class=\"elementor-element elementor-element-75e783b elementor-widget elementor-widget-image\" data-id=\"75e783b\" data-element_type=\"widget\" data-e-type=\"widget\" data-widget_type=\"image.default\">\n\t\t\t\t\t\t\t\t\t\t\t\t\t\t\t<img decoding=\"async\" width=\"613\" height=\"219\" src=\"https:\/\/newcode.tech\/alv\/wp-content\/uploads\/2026\/03\/consultas-1.webp\" class=\"attachment-large size-large wp-image-8867\" alt=\"\" srcset=\"https:\/\/newcode.tech\/alv\/wp-content\/uploads\/2026\/03\/consultas-1.webp 613w, https:\/\/newcode.tech\/alv\/wp-content\/uploads\/2026\/03\/consultas-1-300x107.webp 300w\" sizes=\"(max-width: 613px) 100vw, 613px\" \/>\t\t\t\t\t\t\t\t\t\t\t\t\t\t\t<\/div>\n\t\t<div class=\"elementor-element elementor-element-4001c94 e-con-full e-flex e-con e-child\" data-id=\"4001c94\" data-element_type=\"container\" data-e-type=\"container\">\n\t\t\t\t<div class=\"elementor-element elementor-element-3482092 elementor-widget elementor-widget-heading\" data-id=\"3482092\" data-element_type=\"widget\" data-e-type=\"widget\" data-widget_type=\"heading.default\">\n\t\t\t\t\t<h2 class=\"elementor-heading-title elementor-size-default\">Consulta a Domicilio<\/h2>\t\t\t\t<\/div>\n\t\t\t\t<div class=\"elementor-element elementor-element-38a94c9 elementor-widget elementor-widget-text-editor\" data-id=\"38a94c9\" data-element_type=\"widget\" data-e-type=\"widget\" data-widget_type=\"text-editor.default\">\n\t\t\t\t\t\t\t\t\t<p>Valoramos la calidad de vida de tu compa\u00f1ero con una consulta minuciosa y situaci\u00f3n emocional. Tambi\u00e9n ofrecemos tratamiento de cuidados paliativos si es necesario.<\/p>\t\t\t\t\t\t\t\t<\/div>\n\t\t\t\t<div class=\"elementor-element elementor-element-9b54abc elementor-widget elementor-widget-button\" data-id=\"9b54abc\" data-element_type=\"widget\" data-e-type=\"widget\" data-widget_type=\"button.default\">\n\t\t\t\t\t\t\t\t\t\t<a class=\"elementor-button elementor-button-link elementor-size-sm\" href=\"https:\/\/newcode.tech\/alv\/contacto\/\">\n\t\t\t\t\t\t<span class=\"elementor-button-content-wrapper\">\n\t\t\t\t\t\t\t\t\t<span class=\"elementor-button-text\">Reservar ahora<\/span>\n\t\t\t\t\t<\/span>\n\t\t\t\t\t<\/a>\n\t\t\t\t\t\t\t\t<\/div>\n\t\t\t\t<div class=\"elementor-element elementor-element-f3581b4 elementor-widget elementor-widget-heading\" data-id=\"f3581b4\" data-element_type=\"widget\" data-e-type=\"widget\" data-widget_type=\"heading.default\">\n\t\t\t\t\t<div class=\"elementor-heading-title elementor-size-default\"><a href=\"https:\/\/newcode.tech\/alv\/contacto\/\">Saber m\u00e1s<\/a><\/div>\t\t\t\t<\/div>\n\t\t\t\t<\/div>\n\t\t\t\t<\/div>\n\t\t\t\t\t<\/div>\n\t\t\t\t<\/div>\n\t\t\t\t\t<\/div>\n\t\t\t\t<\/div>\n\t\t<div class=\"elementor-element elementor-element-3bf8c9e e-flex e-con-boxed e-con e-parent\" data-id=\"3bf8c9e\" data-element_type=\"container\" data-e-type=\"container\" data-settings=\"{&quot;background_background&quot;:&quot;classic&quot;}\">\n\t\t\t\t\t<div class=\"e-con-inner\">\n\t\t\t\t<div class=\"elementor-element elementor-element-32fd13e elementor-widget elementor-widget-heading\" data-id=\"32fd13e\" data-element_type=\"widget\" data-e-type=\"widget\" data-widget_type=\"heading.default\">\n\t\t\t\t\t<h2 class=\"elementor-heading-title elementor-size-default\">\u00bfTe gustar\u00eda evaluar de forma sencilla y <br>respetuosa el bienestar de tu perro o gato?<\/h2>\t\t\t\t<\/div>\n\t\t<div class=\"elementor-element elementor-element-936e003 e-grid e-con-boxed e-con e-child\" data-id=\"936e003\" data-element_type=\"container\" data-e-type=\"container\">\n\t\t\t\t\t<div class=\"e-con-inner\">\n\t\t\t\t<div class=\"elementor-element elementor-element-0fe45e4 elementor-cta--layout-image-above elementor-cta--skin-classic elementor-animated-content elementor-bg-transform elementor-bg-transform-zoom-in elementor-widget elementor-widget-call-to-action\" data-id=\"0fe45e4\" data-element_type=\"widget\" data-e-type=\"widget\" data-widget_type=\"call-to-action.default\">\n\t\t\t\t\t\t\t<div class=\"elementor-cta\">\n\t\t\t\t\t<div class=\"elementor-cta__bg-wrapper\">\n\t\t\t\t<div class=\"elementor-cta__bg elementor-bg\" style=\"background-image: url(https:\/\/newcode.tech\/alv\/wp-content\/uploads\/2026\/03\/cuestionario-de-vida-copia.webp);\" role=\"img\" aria-label=\"cuestionario de vida copia\"><\/div>\n\t\t\t\t<div class=\"elementor-cta__bg-overlay\"><\/div>\n\t\t\t<\/div>\n\t\t\t\t\t\t\t<div class=\"elementor-cta__content\">\n\t\t\t\t\n\t\t\t\t\t\t\t\t\t<h3 class=\"elementor-cta__title elementor-cta__content-item elementor-content-item\">\n\t\t\t\t\t\tCuestionario de calidad de vida\t\t\t\t\t<\/h3>\n\t\t\t\t\n\t\t\t\t\t\t\t\t\t<div class=\"elementor-cta__description elementor-cta__content-item elementor-content-item\">\n\t\t\t\t\t\tEval\u00faa de forma sencilla y respetuosa el bienestar de tu perro o gato sobre su salud para tomar decisiones.\t\t\t\t\t<\/div>\n\t\t\t\t\n\t\t\t\t\t\t\t\t\t<div class=\"elementor-cta__button-wrapper elementor-cta__content-item elementor-content-item \">\n\t\t\t\t\t<a class=\"elementor-cta__button elementor-button elementor-size-\" href=\"https:\/\/newcode.tech\/alv\/cuestionario-de-calidad-de-vida\/\">\n\t\t\t\t\t\tCuestionario de calidad de vida\t\t\t\t\t<\/a>\n\t\t\t\t\t<\/div>\n\t\t\t\t\t\t\t<\/div>\n\t\t\t\t\t\t<\/div>\n\t\t\t\t\t\t<\/div>\n\t\t\t\t<div class=\"elementor-element elementor-element-8ffa865 elementor-cta--layout-image-above elementor-cta--skin-classic elementor-animated-content elementor-bg-transform elementor-bg-transform-zoom-in elementor-widget elementor-widget-call-to-action\" data-id=\"8ffa865\" data-element_type=\"widget\" data-e-type=\"widget\" data-widget_type=\"call-to-action.default\">\n\t\t\t\t\t\t\t<div class=\"elementor-cta\">\n\t\t\t\t\t<div class=\"elementor-cta__bg-wrapper\">\n\t\t\t\t<div class=\"elementor-cta__bg elementor-bg\" style=\"background-image: url(https:\/\/newcode.tech\/alv\/wp-content\/uploads\/2026\/03\/Diario-de-calidad-de-vida.webp);\" role=\"img\" aria-label=\"Diario de calidad de vida\"><\/div>\n\t\t\t\t<div class=\"elementor-cta__bg-overlay\"><\/div>\n\t\t\t<\/div>\n\t\t\t\t\t\t\t<div class=\"elementor-cta__content\">\n\t\t\t\t\n\t\t\t\t\t\t\t\t\t<h3 class=\"elementor-cta__title elementor-cta__content-item elementor-content-item\">\n\t\t\t\t\t\tDiario de calidad de vida\t\t\t\t\t<\/h3>\n\t\t\t\t\n\t\t\t\t\t\t\t\t\t<div class=\"elementor-cta__description elementor-cta__content-item elementor-content-item\">\n\t\t\t\t\t\tCon \u00e9l, podr\u00e1s registrar avances: d\u00edas buenos y tambi\u00e9n los dif\u00edciles para decidir la despedida.\t\t\t\t\t<\/div>\n\t\t\t\t\n\t\t\t\t\t\t\t\t\t<div class=\"elementor-cta__button-wrapper elementor-cta__content-item elementor-content-item \">\n\t\t\t\t\t<a class=\"elementor-cta__button elementor-button elementor-size-\" href=\"https:\/\/newcode.tech\/alv\/diario-calidad-de-vida\/\">\n\t\t\t\t\t\tDiario de calidad de vida\t\t\t\t\t<\/a>\n\t\t\t\t\t<\/div>\n\t\t\t\t\t\t\t<\/div>\n\t\t\t\t\t\t<\/div>\n\t\t\t\t\t\t<\/div>\n\t\t\t\t\t<\/div>\n\t\t\t\t<\/div>\n\t\t\t\t\t<\/div>\n\t\t\t\t<\/div>\n\t\t<div class=\"elementor-element elementor-element-4e9beea e-flex e-con-boxed e-con e-parent\" data-id=\"4e9beea\" data-element_type=\"container\" data-e-type=\"container\">\n\t\t\t\t\t<div class=\"e-con-inner\">\n\t\t\t\t<div class=\"elementor-element elementor-element-2e5abf2 elementor-widget elementor-widget-heading\" data-id=\"2e5abf2\" data-element_type=\"widget\" data-e-type=\"widget\" data-widget_type=\"heading.default\">\n\t\t\t\t\t<h2 class=\"elementor-heading-title elementor-size-default\">Gu\u00edas<\/h2>\t\t\t\t<\/div>\n\t\t<div class=\"elementor-element elementor-element-29f3b10 e-con-full e-grid e-con e-child\" data-id=\"29f3b10\" data-element_type=\"container\" data-e-type=\"container\">\n\t\t<div class=\"elementor-element elementor-element-c7a2c6d e-con-full e-flex e-con e-child\" data-id=\"c7a2c6d\" data-element_type=\"container\" data-e-type=\"container\">\n\t\t\t\t<div class=\"elementor-element elementor-element-d5086c9 elementor-view-default elementor-widget elementor-widget-icon\" data-id=\"d5086c9\" data-element_type=\"widget\" data-e-type=\"widget\" data-widget_type=\"icon.default\">\n\t\t\t\t\t\t\t<div class=\"elementor-icon-wrapper\">\n\t\t\t<div class=\"elementor-icon\">\n\t\t\t<svg xmlns=\"http:\/\/www.w3.org\/2000\/svg\" width=\"58\" height=\"50\" viewBox=\"0 0 58 50\" fill=\"none\"><path d=\"M28.625 13.125C30.5625 5.47673 37.8802 1.57146 53.8125 1.50001C54.0672 1.49905 54.3196 1.54851 54.5551 1.64554C54.7906 1.74257 55.0046 1.88525 55.1847 2.06535C55.3648 2.24546 55.5075 2.45943 55.6045 2.69493C55.7015 2.93043 55.751 3.18281 55.75 3.43751V38.3125C55.75 38.8264 55.5459 39.3192 55.1825 39.6825C54.8192 40.0459 54.3264 40.25 53.8125 40.25C38.3125 40.25 32.3244 43.3754 28.625 48M28.625 13.125C26.6875 5.47673 19.3698 1.57146 3.43751 1.50001C3.18281 1.49905 2.93043 1.54851 2.69493 1.64554C2.45943 1.74257 2.24546 1.88525 2.06535 2.06535C1.88525 2.24546 1.74257 2.45943 1.64554 2.69493C1.54851 2.93043 1.49905 3.18281 1.50001 3.43751V38.0788C1.50001 39.2752 2.24111 40.25 3.43751 40.25C18.9375 40.25 24.9474 43.3985 28.625 48M28.625 13.125V48\" stroke=\"#234951\" stroke-width=\"3\" stroke-linecap=\"round\" stroke-linejoin=\"round\"><\/path><\/svg>\t\t\t<\/div>\n\t\t<\/div>\n\t\t\t\t\t\t<\/div>\n\t\t\t\t<div class=\"elementor-element elementor-element-4c7780a elementor-widget elementor-widget-heading\" data-id=\"4c7780a\" data-element_type=\"widget\" data-e-type=\"widget\" data-widget_type=\"heading.default\">\n\t\t\t\t\t<h2 class=\"elementor-heading-title elementor-size-default\">Resolvemos las dudas m\u00e1s comunes<\/h2>\t\t\t\t<\/div>\n\t\t\t\t<div class=\"elementor-element elementor-element-a745d34 elementor-widget elementor-widget-text-editor\" data-id=\"a745d34\" data-element_type=\"widget\" data-e-type=\"widget\" data-widget_type=\"text-editor.default\">\n\t\t\t\t\t\t\t\t\t<p>En esta gu\u00eda damos respuesta a las preguntas que m\u00e1s recibimos sobre eutanasia a domicilio.<\/p>\t\t\t\t\t\t\t\t<\/div>\n\t\t\t\t<div class=\"elementor-element elementor-element-3bca9fd elementor-widget elementor-widget-button\" data-id=\"3bca9fd\" data-element_type=\"widget\" data-e-type=\"widget\" data-widget_type=\"button.default\">\n\t\t\t\t\t\t\t\t\t\t<a class=\"elementor-button elementor-button-link elementor-size-sm\" href=\"#\">\n\t\t\t\t\t\t<span class=\"elementor-button-content-wrapper\">\n\t\t\t\t\t\t\t\t\t<span class=\"elementor-button-text\">Gu\u00eda para tutores<\/span>\n\t\t\t\t\t<\/span>\n\t\t\t\t\t<\/a>\n\t\t\t\t\t\t\t\t<\/div>\n\t\t\t\t<\/div>\n\t\t<div class=\"elementor-element elementor-element-77bf217 e-con-full e-flex e-con e-child\" data-id=\"77bf217\" data-element_type=\"container\" data-e-type=\"container\">\n\t\t\t\t<div class=\"elementor-element elementor-element-52173d9 elementor-view-default elementor-widget elementor-widget-icon\" data-id=\"52173d9\" data-element_type=\"widget\" data-e-type=\"widget\" data-widget_type=\"icon.default\">\n\t\t\t\t\t\t\t<div class=\"elementor-icon-wrapper\">\n\t\t\t<div class=\"elementor-icon\">\n\t\t\t<svg xmlns=\"http:\/\/www.w3.org\/2000\/svg\" width=\"58\" height=\"50\" viewBox=\"0 0 58 50\" fill=\"none\"><path d=\"M28.625 13.125C30.5625 5.47673 37.8802 1.57146 53.8125 1.50001C54.0672 1.49905 54.3196 1.54851 54.5551 1.64554C54.7906 1.74257 55.0046 1.88525 55.1847 2.06535C55.3648 2.24546 55.5075 2.45943 55.6045 2.69493C55.7015 2.93043 55.751 3.18281 55.75 3.43751V38.3125C55.75 38.8264 55.5459 39.3192 55.1825 39.6825C54.8192 40.0459 54.3264 40.25 53.8125 40.25C38.3125 40.25 32.3244 43.3754 28.625 48M28.625 13.125C26.6875 5.47673 19.3698 1.57146 3.43751 1.50001C3.18281 1.49905 2.93043 1.54851 2.69493 1.64554C2.45943 1.74257 2.24546 1.88525 2.06535 2.06535C1.88525 2.24546 1.74257 2.45943 1.64554 2.69493C1.54851 2.93043 1.49905 3.18281 1.50001 3.43751V38.0788C1.50001 39.2752 2.24111 40.25 3.43751 40.25C18.9375 40.25 24.9474 43.3985 28.625 48M28.625 13.125V48\" stroke=\"#234951\" stroke-width=\"3\" stroke-linecap=\"round\" stroke-linejoin=\"round\"><\/path><\/svg>\t\t\t<\/div>\n\t\t<\/div>\n\t\t\t\t\t\t<\/div>\n\t\t\t\t<div class=\"elementor-element elementor-element-c55f199 elementor-widget elementor-widget-heading\" data-id=\"c55f199\" data-element_type=\"widget\" data-e-type=\"widget\" data-widget_type=\"heading.default\">\n\t\t\t\t\t<h2 class=\"elementor-heading-title elementor-size-default\">C\u00f3mo preparar tu hogar para la despedida<\/h2>\t\t\t\t<\/div>\n\t\t\t\t<div class=\"elementor-element elementor-element-578151d elementor-widget elementor-widget-text-editor\" data-id=\"578151d\" data-element_type=\"widget\" data-e-type=\"widget\" data-widget_type=\"text-editor.default\">\n\t\t\t\t\t\t\t\t\t<p>Preparar el hogar no es un tr\u00e1mite: es una forma de crear un espacio donde reine la calma, el cari\u00f1o y la dignidad.<\/p>\t\t\t\t\t\t\t\t<\/div>\n\t\t\t\t<div class=\"elementor-element elementor-element-d490275 elementor-widget elementor-widget-button\" data-id=\"d490275\" data-element_type=\"widget\" data-e-type=\"widget\" data-widget_type=\"button.default\">\n\t\t\t\t\t\t\t\t\t\t<a class=\"elementor-button elementor-button-link elementor-size-sm\" href=\"#\">\n\t\t\t\t\t\t<span class=\"elementor-button-content-wrapper\">\n\t\t\t\t\t\t\t\t\t<span class=\"elementor-button-text\">Gu\u00eda para la despedida<\/span>\n\t\t\t\t\t<\/span>\n\t\t\t\t\t<\/a>\n\t\t\t\t\t\t\t\t<\/div>\n\t\t\t\t<\/div>\n\t\t<div class=\"elementor-element elementor-element-74989ab e-con-full e-flex e-con e-child\" data-id=\"74989ab\" data-element_type=\"container\" data-e-type=\"container\">\n\t\t\t\t<div class=\"elementor-element elementor-element-b13dd2e elementor-view-default elementor-widget elementor-widget-icon\" data-id=\"b13dd2e\" data-element_type=\"widget\" data-e-type=\"widget\" data-widget_type=\"icon.default\">\n\t\t\t\t\t\t\t<div class=\"elementor-icon-wrapper\">\n\t\t\t<div class=\"elementor-icon\">\n\t\t\t<svg xmlns=\"http:\/\/www.w3.org\/2000\/svg\" width=\"58\" height=\"50\" viewBox=\"0 0 58 50\" fill=\"none\"><path d=\"M28.625 13.125C30.5625 5.47673 37.8802 1.57146 53.8125 1.50001C54.0672 1.49905 54.3196 1.54851 54.5551 1.64554C54.7906 1.74257 55.0046 1.88525 55.1847 2.06535C55.3648 2.24546 55.5075 2.45943 55.6045 2.69493C55.7015 2.93043 55.751 3.18281 55.75 3.43751V38.3125C55.75 38.8264 55.5459 39.3192 55.1825 39.6825C54.8192 40.0459 54.3264 40.25 53.8125 40.25C38.3125 40.25 32.3244 43.3754 28.625 48M28.625 13.125C26.6875 5.47673 19.3698 1.57146 3.43751 1.50001C3.18281 1.49905 2.93043 1.54851 2.69493 1.64554C2.45943 1.74257 2.24546 1.88525 2.06535 2.06535C1.88525 2.24546 1.74257 2.45943 1.64554 2.69493C1.54851 2.93043 1.49905 3.18281 1.50001 3.43751V38.0788C1.50001 39.2752 2.24111 40.25 3.43751 40.25C18.9375 40.25 24.9474 43.3985 28.625 48M28.625 13.125V48\" stroke=\"#234951\" stroke-width=\"3\" stroke-linecap=\"round\" stroke-linejoin=\"round\"><\/path><\/svg>\t\t\t<\/div>\n\t\t<\/div>\n\t\t\t\t\t\t<\/div>\n\t\t\t\t<div class=\"elementor-element elementor-element-a5f81f1 elementor-widget elementor-widget-heading\" data-id=\"a5f81f1\" data-element_type=\"widget\" data-e-type=\"widget\" data-widget_type=\"heading.default\">\n\t\t\t\t\t<h2 class=\"elementor-heading-title elementor-size-default\">Duelo por la p\u00e9rdida de mi perro o gato<\/h2>\t\t\t\t<\/div>\n\t\t\t\t<div class=\"elementor-element elementor-element-d614d85 elementor-widget elementor-widget-text-editor\" data-id=\"d614d85\" data-element_type=\"widget\" data-e-type=\"widget\" data-widget_type=\"text-editor.default\">\n\t\t\t\t\t\t\t\t\t<p>\u00bfEs normal que la p\u00e9rdida de mi perro o gato duela tanto? Totalmente. Te decimos qu\u00e9 puede ayudar.<\/p>\t\t\t\t\t\t\t\t<\/div>\n\t\t\t\t<div class=\"elementor-element elementor-element-fe61b8e elementor-widget elementor-widget-button\" data-id=\"fe61b8e\" data-element_type=\"widget\" data-e-type=\"widget\" data-widget_type=\"button.default\">\n\t\t\t\t\t\t\t\t\t\t<a class=\"elementor-button elementor-button-link elementor-size-sm\" href=\"#\">\n\t\t\t\t\t\t<span class=\"elementor-button-content-wrapper\">\n\t\t\t\t\t\t\t\t\t<span class=\"elementor-button-text\">C\u00f3mo transitar el duelo<\/span>\n\t\t\t\t\t<\/span>\n\t\t\t\t\t<\/a>\n\t\t\t\t\t\t\t\t<\/div>\n\t\t\t\t<\/div>\n\t\t\t\t<\/div>\n\t\t\t\t\t<\/div>\n\t\t\t\t<\/div>\n\t\t\t\t<\/div>\n\t\t","protected":false},"excerpt":{"rendered":"<p>Gu\u00edas y consultas sobre la eutanasia a domicilio para perros o gatos Ofrecemos consultas de valoraci\u00f3n de calidad de vida, apoyo en toma de decisi\u00f3n de eutanasia y cuidados paliativos. Te asesoramos Asesor\u00eda Telef\u00f3nica Mediante una llamada telef\u00f3nica valoramos el caso de tu compa\u00f1ero y te ayudamos en la toma de decisi\u00f3n de eutanasia veterinaria. [&hellip;]<\/p>\n","protected":false},"author":1,"featured_media":0,"parent":18,"menu_order":0,"comment_status":"closed","ping_status":"closed","template":"elementor_header_footer","meta":{"footnotes":""},"class_list":["post-24","page","type-page","status-publish","hentry"],"_links":{"self":[{"href":"https:\/\/newcode.tech\/alv\/wp-json\/wp\/v2\/pages\/24","targetHints":{"allow":["GET"]}}],"collection":[{"href":"https:\/\/newcode.tech\/alv\/wp-json\/wp\/v2\/pages"}],"about":[{"href":"https:\/\/newcode.tech\/alv\/wp-json\/wp\/v2\/types\/page"}],"author":[{"embeddable":true,"href":"https:\/\/newcode.tech\/alv\/wp-json\/wp\/v2\/users\/1"}],"replies":[{"embeddable":true,"href":"https:\/\/newcode.tech\/alv\/wp-json\/wp\/v2\/comments?post=24"}],"version-history":[{"count":40,"href":"https:\/\/newcode.tech\/alv\/wp-json\/wp\/v2\/pages\/24\/revisions"}],"predecessor-version":[{"id":9222,"href":"https:\/\/newcode.tech\/alv\/wp-json\/wp\/v2\/pages\/24\/revisions\/9222"}],"up":[{"embeddable":true,"href":"https:\/\/newcode.tech\/alv\/wp-json\/wp\/v2\/pages\/18"}],"wp:attachment":[{"href":"https:\/\/newcode.tech\/alv\/wp-json\/wp\/v2\/media?parent=24"}],"curies":[{"name":"wp","href":"https:\/\/api.w.org\/{rel}","templated":true}]}}