{"id":8845,"date":"2026-03-26T22:56:06","date_gmt":"2026-03-26T22:56:06","guid":{"rendered":"https:\/\/newcode.tech\/alv\/?page_id=8845"},"modified":"2026-03-30T23:49:06","modified_gmt":"2026-03-30T23:49:06","slug":"aviso-legal","status":"publish","type":"page","link":"https:\/\/newcode.tech\/alv\/aviso-legal\/","title":{"rendered":"Aviso Legal"},"content":{"rendered":"\t\t<div data-elementor-type=\"wp-page\" data-elementor-id=\"8845\" class=\"elementor elementor-8845\" data-elementor-post-type=\"page\">\n\t\t\t\t<div class=\"elementor-element elementor-element-9ed59e6 e-flex e-con-boxed e-con e-parent\" data-id=\"9ed59e6\" data-element_type=\"container\" data-e-type=\"container\" data-settings=\"{&quot;background_background&quot;:&quot;classic&quot;}\">\n\t\t\t\t\t<div class=\"e-con-inner\">\n\t\t\t\t<div class=\"elementor-element elementor-element-2a1d90f elementor-widget__width-initial elementor-widget elementor-widget-heading\" data-id=\"2a1d90f\" data-element_type=\"widget\" data-e-type=\"widget\" data-widget_type=\"heading.default\">\n\t\t\t\t\t<h1 class=\"elementor-heading-title elementor-size-default\">Aviso Legal<\/h1>\t\t\t\t<\/div>\n\t\t\t\t<div class=\"elementor-element elementor-element-46334dd elementor-widget__width-initial elementor-widget elementor-widget-text-editor\" data-id=\"46334dd\" data-element_type=\"widget\" data-e-type=\"widget\" data-widget_type=\"text-editor.default\">\n\t\t\t\t\t\t\t\t\t<p>After Life Vets<\/p>\t\t\t\t\t\t\t\t<\/div>\n\t\t\t\t\t<\/div>\n\t\t\t\t<\/div>\n\t\t<div class=\"elementor-element elementor-element-89393f2 e-flex e-con-boxed e-con e-parent\" data-id=\"89393f2\" data-element_type=\"container\" data-e-type=\"container\">\n\t\t\t\t\t<div class=\"e-con-inner\">\n\t\t\t\t<div class=\"elementor-element elementor-element-728d538 elementor-widget elementor-widget-text-editor\" data-id=\"728d538\" data-element_type=\"widget\" data-e-type=\"widget\" data-widget_type=\"text-editor.default\">\n\t\t\t\t\t\t\t\t\t<p>El presente Aviso Legal regula el uso del servicio del portal de Internet con direcci\u00f3n HTTPS:\/\/AFTERLIFEVETS.ES\/, cuyo responsable a efectos identificativos es:<\/p><p>Responsable: AFTER LIFE VETS S.L.<br \/>NIF: B75883769<br \/>Direcci\u00f3n: CERRO DE LA SACRIST\u00cdA, 15<br \/>Tel\u00e9fono: 633676263<br \/>Mail: INFO@AFTERLIFEVETS.ES<\/p><h2><br \/>Legislaci\u00f3n<\/h2><p>Con car\u00e1cter general las relaciones entre AFTER LIFE VETS S.L. con los Usuarios de sus servicios telem\u00e1ticos, presentes en la web, se encuentran sometidas a la legislaci\u00f3n y jurisdicci\u00f3n espa\u00f1olas.<\/p><p>Las partes renuncian expresamente al fuero que les pudiera corresponder y someten expresamente a los Juzgados y Tribunales de M\u00c1LAGA para resolver cualquier controversia que pudiera surgir en la interpretaci\u00f3n o ejecuci\u00f3n de las presentes condiciones contractuales.<\/p><h2><br \/>Contenido y Uso<\/h2><p>El Usuario queda informado, y acepta, que el acceso a la presente web no supone, en modo alguno, el inicio de una relaci\u00f3n comercial con AFTER LIFE VETS S.L..<\/p><p>El titular del web no se identifica con las opiniones vertidas en el mismo por sus colaboradores. La Empresa se reserva el derecho de efectuar sin previo aviso las modificaciones que considere oportunas en su Web, pudiendo cambiar, suprimir o a\u00f1adir tanto los contenidos y servicios que se presten a trav\u00e9s de la misma como la forma en la que \u00e9stos aparezcan presentados o localizados en sus servidores.<\/p><h2><br \/>Propiedad intelectual e industrial<\/h2><p>Los derechos de propiedad intelectual del contenido de las p\u00e1ginas web, su dise\u00f1o gr\u00e1fico y c\u00f3digos son titularidad de AFTER LIFE VETS S.L. y, por tanto, queda prohibida su reproducci\u00f3n, distribuci\u00f3n, comunicaci\u00f3n p\u00fablica, transformaci\u00f3n o cualquier otra actividad que se pueda realizar con los contenidos de sus p\u00e1ginas web ni aun citando las fuentes, salvo consentimiento por escrito de AFTER LIFE VETS S.L. Todos los nombres comerciales, marcas o signos distintos de cualquier clase contenidos en las p\u00e1ginas web de la Empresa son propiedad de sus due\u00f1os y est\u00e1n protegidos por ley.<\/p><h2><br \/>Enlaces (Links)<\/h2><p>La presencia de enlaces (links) en las p\u00e1ginas web de AFTER LIFE VETS S.L. tiene finalidad meramente informativa y en ning\u00fan caso supone sugerencia, invitaci\u00f3n o recomendaci\u00f3n sobre los mismos.<\/p>\t\t\t\t\t\t\t\t<\/div>\n\t\t\t\t\t<\/div>\n\t\t\t\t<\/div>\n\t\t\t\t<\/div>\n\t\t","protected":false},"excerpt":{"rendered":"<p>After Life Vets El presente Aviso Legal regula el uso del servicio del portal de Internet con direcci\u00f3n HTTPS:\/\/AFTERLIFEVETS.ES\/, cuyo responsable a efectos identificativos es: Responsable: AFTER LIFE VETS S.L.NIF: B75883769Direcci\u00f3n: CERRO DE LA SACRIST\u00cdA, 15Tel\u00e9fono: 633676263Mail: INFO@AFTERLIFEVETS.ES Legislaci\u00f3n Con car\u00e1cter general las relaciones entre AFTER LIFE VETS S.L. con los Usuarios de sus servicios [&hellip;]<\/p>\n","protected":false},"author":1,"featured_media":0,"parent":0,"menu_order":0,"comment_status":"closed","ping_status":"closed","template":"elementor_header_footer","meta":{"footnotes":""},"class_list":["post-8845","page","type-page","status-publish","hentry"],"_links":{"self":[{"href":"https:\/\/newcode.tech\/alv\/wp-json\/wp\/v2\/pages\/8845","targetHints":{"allow":["GET"]}}],"collection":[{"href":"https:\/\/newcode.tech\/alv\/wp-json\/wp\/v2\/pages"}],"about":[{"href":"https:\/\/newcode.tech\/alv\/wp-json\/wp\/v2\/types\/page"}],"author":[{"embeddable":true,"href":"https:\/\/newcode.tech\/alv\/wp-json\/wp\/v2\/users\/1"}],"replies":[{"embeddable":true,"href":"https:\/\/newcode.tech\/alv\/wp-json\/wp\/v2\/comments?post=8845"}],"version-history":[{"count":10,"href":"https:\/\/newcode.tech\/alv\/wp-json\/wp\/v2\/pages\/8845\/revisions"}],"predecessor-version":[{"id":9125,"href":"https:\/\/newcode.tech\/alv\/wp-json\/wp\/v2\/pages\/8845\/revisions\/9125"}],"wp:attachment":[{"href":"https:\/\/newcode.tech\/alv\/wp-json\/wp\/v2\/media?parent=8845"}],"curies":[{"name":"wp","href":"https:\/\/api.w.org\/{rel}","templated":true}]}}